{"id":34,"date":"2021-04-02T00:01:55","date_gmt":"2021-04-01T22:01:55","guid":{"rendered":"http:\/\/maurosavio.axura.com\/?page_id=34"},"modified":"2025-05-06T14:19:42","modified_gmt":"2025-05-06T12:19:42","slug":"studio-dentistico-dental1-maurosavio","status":"publish","type":"page","link":"https:\/\/www.maurosavio.com\/en\/studio-dentistico-dental1-maurosavio\/","title":{"rendered":"The study"},"content":{"rendered":"<p>[et_pb_section fb_built=&#8221;1&#8243; _builder_version=&#8221;4.16&#8243; _module_preset=&#8221;default&#8221; global_colors_info=&#8221;{}&#8221;][et_pb_row module_id=&#8221;studio&#8221; _builder_version=&#8221;4.16&#8243; _module_preset=&#8221;default&#8221; global_colors_info=&#8221;{}&#8221;][et_pb_column type=&#8221;4_4&#8243; _builder_version=&#8221;4.16&#8243; _module_preset=&#8221;default&#8221; global_colors_info=&#8221;{}&#8221;][et_pb_text _builder_version=&#8221;4.16&#8243; _module_preset=&#8221;6972e21c-c5c2-4143-9b15-82e817bc8cce&#8221; global_colors_info=&#8221;{}&#8221;]<\/p>\n<h2>Lo studio<\/h2>\n<p>[\/et_pb_text][et_pb_text _builder_version=&#8221;4.16&#8243; _module_preset=&#8221;default&#8221; global_colors_info=&#8221;{}&#8221;]<\/p>\n<p>D1 nasce nel 1985: da allora <strong>ci prendiamo cura dei nostri pazienti con competenza e passione<\/strong>, mettendo sempre al primo posto il loro benessere e impegnandoci a <strong>migliorare continuamente per garantire elevati standard di qualit\u00e0.<\/strong><\/p>\n<p>I nostri dentisti prendono parte a corsi di aggiornamento periodici per poter <strong>applicare i progressi nel campo dell\u2019odontoiatria a vantaggio di chi ci sceglie<\/strong>; allo stesso modo, nel nostro studio utilizziamo <strong>tecnologie all\u2019avanguardia e tecniche innovative.<\/strong><\/p>\n<p>[\/et_pb_text][\/et_pb_column][\/et_pb_row][\/et_pb_section][et_pb_section fb_built=&#8221;1&#8243; admin_label=&#8221;Feature&#8221; _builder_version=&#8221;4.16&#8243; _module_preset=&#8221;default&#8221; global_colors_info=&#8221;{}&#8221;][et_pb_row column_structure=&#8221;1_2,1_2&#8243; module_id=&#8221;spazi&#8221; _builder_version=&#8221;4.16&#8243; _module_preset=&#8221;default&#8221; locked=&#8221;off&#8221; global_colors_info=&#8221;{}&#8221;][et_pb_column type=&#8221;1_2&#8243; _builder_version=&#8221;4.16&#8243; _module_preset=&#8221;default&#8221; global_colors_info=&#8221;{}&#8221;][et_pb_image src=&#8221;http:\/\/maurosavio.axura.com\/wp-content\/uploads\/2021\/07\/receptionist-mauro-savio.jpg&#8221; title_text=&#8221;receptionist-mauro-savio&#8221; _builder_version=&#8221;4.16&#8243; _module_preset=&#8221;default&#8221; custom_margin=&#8221;||0px||false|false&#8221; border_radii=&#8221;off|250px||250px|250px&#8221; global_colors_info=&#8221;{}&#8221;][\/et_pb_image][\/et_pb_column][et_pb_column type=&#8221;1_2&#8243; _builder_version=&#8221;4.16&#8243; _module_preset=&#8221;default&#8221; custom_padding=&#8221;50px||||false|false&#8221; global_colors_info=&#8221;{}&#8221;][et_pb_text _builder_version=&#8221;4.16&#8243; _module_preset=&#8221;1da4c4f2-8e53-4788-a9f5-4d073216150a&#8221; header_2_font=&#8221;Rozha One||||||||&#8221; header_2_text_color=&#8221;#003e51&#8243; header_2_font_size=&#8221;62px&#8221; header_2_line_height=&#8221;1.1em&#8221; header_2_font_size_tablet=&#8221;34px&#8221; header_2_font_size_phone=&#8221;24px&#8221; header_2_font_size_last_edited=&#8221;on|phone&#8221; locked=&#8221;off&#8221; global_colors_info=&#8221;{}&#8221;]<\/p>\n<h2>I nostri spazi<\/h2>\n<p>[\/et_pb_text][et_pb_divider color=&#8221;#959595&#8243; _builder_version=&#8221;4.16&#8243; _module_preset=&#8221;default&#8221; width=&#8221;40%&#8221; module_alignment=&#8221;left&#8221; locked=&#8221;off&#8221; global_colors_info=&#8221;{}&#8221;][\/et_pb_divider][et_pb_text _builder_version=&#8221;4.20.4&#8243; _module_preset=&#8221;fb3d65bf-a8b3-4897-95f4-4b2325e4d896&#8243; text_font_size=&#8221;16px&#8221; text_line_height=&#8221;1.8em&#8221; link_text_color=&#8221;#003E51&#8243; text_font_size_tablet=&#8221;15px&#8221; text_font_size_phone=&#8221;14px&#8221; text_font_size_last_edited=&#8221;on|phone&#8221; locked=&#8221;off&#8221; global_colors_info=&#8221;{}&#8221;]<\/p>\n<p><span style=\"font-weight: 400;\">Il nostro studio si trova al <strong>primo piano<\/strong> e vi si pu\u00f2 <strong>accedere comodamente tramite ascensore <\/strong>o scale; \u00e8 diviso in vari spazi:\u00a0<\/span><\/p>\n<ul>\n<li style=\"font-weight: 400;\" aria-level=\"1\"><span style=\"font-weight: 400;\">una reception<\/span><\/li>\n<li style=\"font-weight: 400;\" aria-level=\"1\"><span style=\"font-weight: 400;\">3 ampie sala d\u2019attesa<\/span><\/li>\n<li style=\"font-weight: 400;\" aria-level=\"1\"><span style=\"font-weight: 400;\">9 sale operative <br \/><\/span><\/li>\n<li style=\"font-weight: 400;\" aria-level=\"1\"><span style=\"font-weight: 400;\">3 sale per la sterilizzazione<\/span><\/li>\n<li style=\"font-weight: 400;\" aria-level=\"1\"><span style=\"font-weight: 400;\">2 sale per panoramica digitale e TAC 3D<\/span><\/li>\n<li style=\"font-weight: 400;\" aria-level=\"1\"><span style=\"font-weight: 400;\">servizi igienici<\/span><\/li>\n<\/ul>\n<p><span style=\"font-weight: 400;\">Questa disposizione ci permette di poter <strong>visitare pi\u00f9 pazienti alla volta in sicurezza e senza code, attese o condivisione di spazi<\/strong> comuni.<\/span><\/p>\n<p><span style=\"font-weight: 400;\">Gli spazi comuni vengono<strong> puliti, igienizzati e aerati quotidianamente,<\/strong> mentre le sale operative vengono <strong>sanificate anche tra un paziente e l\u2019altro.<\/strong><\/span><\/p>\n<p>[\/et_pb_text][\/et_pb_column][\/et_pb_row][\/et_pb_section][et_pb_section fb_built=&#8221;1&#8243; admin_label=&#8221;Feature&#8221; _builder_version=&#8221;4.16&#8243; _module_preset=&#8221;default&#8221; custom_padding=&#8221;5vw||||false|false&#8221; global_colors_info=&#8221;{}&#8221;][et_pb_row column_structure=&#8221;1_2,1_2&#8243; module_id=&#8221;professionisti&#8221; _builder_version=&#8221;4.16&#8243; _module_preset=&#8221;default&#8221; locked=&#8221;off&#8221; global_colors_info=&#8221;{}&#8221;][et_pb_column type=&#8221;1_2&#8243; _builder_version=&#8221;4.16&#8243; _module_preset=&#8221;default&#8221; custom_padding=&#8221;50px||||false|false&#8221; global_colors_info=&#8221;{}&#8221;][et_pb_text _builder_version=&#8221;4.16&#8243; _module_preset=&#8221;1da4c4f2-8e53-4788-a9f5-4d073216150a&#8221; header_2_font=&#8221;Rozha One||||||||&#8221; header_2_text_color=&#8221;#003e51&#8243; header_2_font_size=&#8221;62px&#8221; header_2_line_height=&#8221;1.1em&#8221; header_2_font_size_tablet=&#8221;34px&#8221; header_2_font_size_phone=&#8221;24px&#8221; header_2_font_size_last_edited=&#8221;on|phone&#8221; locked=&#8221;off&#8221; global_colors_info=&#8221;{}&#8221;]<\/p>\n<h2><span style=\"font-family: inherit;\">I migliori professionisti<\/span><\/h2>\n<p>[\/et_pb_text][et_pb_divider color=&#8221;#959595&#8243; _builder_version=&#8221;4.16&#8243; _module_preset=&#8221;default&#8221; width=&#8221;40%&#8221; module_alignment=&#8221;left&#8221; locked=&#8221;off&#8221; global_colors_info=&#8221;{}&#8221;][\/et_pb_divider][et_pb_text _builder_version=&#8221;4.16&#8243; _module_preset=&#8221;fb3d65bf-a8b3-4897-95f4-4b2325e4d896&#8243; text_font_size=&#8221;16px&#8221; text_line_height=&#8221;1.8em&#8221; link_text_color=&#8221;#003E51&#8243; text_font_size_tablet=&#8221;15px&#8221; text_font_size_phone=&#8221;14px&#8221; text_font_size_last_edited=&#8221;on|phone&#8221; locked=&#8221;off&#8221; global_colors_info=&#8221;{}&#8221;]<\/p>\n<p><span style=\"font-weight: 400;\">Odontoiatri, ortodontisti, specialisti in ortognatodonzia, implantologi, chirurgi maxillo facciali, igienisti dentali, dentisti pediatrici:<strong> il nostro team medico \u00e8 composto da vari specialisti con anno di esperienza in tutte le branche dell\u2019odontoiatria<\/strong> in grado di occuparsi di qualsiasi problematica del cavo orale.<\/span><\/p>\n<p><span style=\"font-weight: 400;\">La <strong>collaborazione tra specialisti ci permette di offrire ai pazienti piani di cura interdisciplinari e personalizzati<\/strong>, pianificando trattamenti che tengono in considerazione tutti quei fattori in grado di determinarne la buona riuscita. <\/span><\/p>\n<p>[\/et_pb_text][et_pb_button button_url=&#8221;https:\/\/www.maurosavio.com\/il-team-medico\/&#8221; button_text=&#8221;scopri il team medico&#8221; _builder_version=&#8221;4.20.4&#8243; _module_preset=&#8221;default&#8221; custom_button=&#8221;on&#8221; button_text_size=&#8221;12px&#8221; button_text_color=&#8221;#2B2B2B&#8221; button_bg_color=&#8221;#FFF8E4&#8243; button_border_width=&#8221;0px&#8221; button_border_radius=&#8221;100px&#8221; button_letter_spacing=&#8221;1px&#8221; button_font=&#8221;Roboto|700||on|||||&#8221; button_icon=&#8221;&#x24;||divi||400&#8243; button_icon_color=&#8221;#2B2B2B&#8221; button_on_hover=&#8221;off&#8221; custom_margin=&#8221;||||false|false&#8221; custom_padding=&#8221;15px|40px|15px|30px|true|false&#8221; hover_enabled=&#8221;0&#8243; locked=&#8221;off&#8221; global_colors_info=&#8221;{}&#8221; sticky_enabled=&#8221;0&#8243;][\/et_pb_button][\/et_pb_column][et_pb_column type=&#8221;1_2&#8243; _builder_version=&#8221;4.16&#8243; _module_preset=&#8221;default&#8221; global_colors_info=&#8221;{}&#8221;][et_pb_image src=&#8221;http:\/\/maurosavio.axura.com\/wp-content\/uploads\/2021\/05\/professionisti-home-page.jpg&#8221; title_text=&#8221;professionisti-home-page&#8221; _builder_version=&#8221;4.16&#8243; _module_preset=&#8221;default&#8221; custom_margin=&#8221;||0px||false|false&#8221; border_radii=&#8221;off||250px|250px|250px&#8221; global_colors_info=&#8221;{}&#8221;][\/et_pb_image][\/et_pb_column][\/et_pb_row][\/et_pb_section][et_pb_section fb_built=&#8221;1&#8243; prev_background_color=&#8221;#ffffff&#8221; next_background_color=&#8221;#ffffff&#8221; admin_label=&#8221;Services&#8221; module_id=&#8221;serviziaggiuntivi&#8221; _builder_version=&#8221;4.16&#8243; _module_preset=&#8221;default&#8221; background_color=&#8221;#40BDB4&#8243; top_divider_style=&#8221;wave2&#8243; bottom_divider_style=&#8221;curve2&#8243; global_colors_info=&#8221;{}&#8221;][et_pb_row _builder_version=&#8221;4.16&#8243; _module_preset=&#8221;default&#8221; global_colors_info=&#8221;{}&#8221;][et_pb_column type=&#8221;4_4&#8243; _builder_version=&#8221;4.16&#8243; _module_preset=&#8221;default&#8221; global_colors_info=&#8221;{}&#8221;][et_pb_text _builder_version=&#8221;4.16&#8243; _module_preset=&#8221;1da4c4f2-8e53-4788-a9f5-4d073216150a&#8221; header_2_font=&#8221;Rozha One||||||||&#8221; header_2_text_color=&#8221;#003e51&#8243; header_2_font_size=&#8221;62px&#8221; header_2_line_height=&#8221;1.1em&#8221; header_2_font_size_tablet=&#8221;34px&#8221; header_2_font_size_phone=&#8221;24px&#8221; header_2_font_size_last_edited=&#8221;on|phone&#8221; locked=&#8221;off&#8221; global_colors_info=&#8221;{}&#8221;]<\/p>\n<h2>I nostri servizi aggiuntivi<\/h2>\n<p>[\/et_pb_text][et_pb_text _builder_version=&#8221;4.16&#8243; _module_preset=&#8221;default&#8221; global_colors_info=&#8221;{}&#8221;]<\/p>\n<p><span style=\"font-weight: 400;\">Per venire incontro alle esigenze pi\u00f9 diverse dei nostri pazienti mettiamo a disposizione una serie di servizi aggiuntivi.<\/span><\/p>\n<p>[\/et_pb_text][\/et_pb_column][\/et_pb_row][et_pb_row column_structure=&#8221;1_3,1_3,1_3&#8243; make_equal=&#8221;on&#8221; _builder_version=&#8221;4.16&#8243; _module_preset=&#8221;default&#8221; custom_margin=&#8221;||||false|false&#8221; global_colors_info=&#8221;{}&#8221;][et_pb_column type=&#8221;1_3&#8243; _builder_version=&#8221;4.16&#8243; _module_preset=&#8221;default&#8221; background_color=&#8221;#ffffff&#8221; custom_padding=&#8221;30px|30px|30px|30px|false|true&#8221; border_radii=&#8221;on|15px|15px|15px|15px&#8221; box_shadow_style=&#8221;preset3&#8243; box_shadow_vertical=&#8221;40px&#8221; box_shadow_blur=&#8221;70px&#8221; box_shadow_spread=&#8221;-10px&#8221; box_shadow_color=&#8221;rgba(69,115,115,0.15)&#8221; global_colors_info=&#8221;{}&#8221;][et_pb_blurb title=&#8221;Auto di cortesia&#8221; image=&#8221;http:\/\/maurosavio.axura.com\/wp-content\/uploads\/2021\/07\/AUTO-CORTESIA_05-MSAVIO_foto-WEB-1.jpg&#8221; icon_alignment=&#8221;left&#8221; content_max_width=&#8221;100%&#8221; _builder_version=&#8221;4.16&#8243; _module_preset=&#8221;999cab4f-d995-43b3-842a-9b6879d904b5&#8243; header_font=&#8221;Poppins|600|||||||&#8221; header_text_color=&#8221;#003E51&#8243; header_font_size=&#8221;15px&#8221; header_letter_spacing=&#8221;0.5px&#8221; header_line_height=&#8221;1.6em&#8221; background_enable_color=&#8221;off&#8221; animation=&#8221;off&#8221; border_radii_image=&#8221;on|100px|100px|100px|100px&#8221; global_colors_info=&#8221;{}&#8221;]<\/p>\n<p><span style=\"font-weight: 400;\">Chi ha difficolt\u00e0 motorie o per altre ragioni \u00e8 impossibilitato a raggiungere il nostro studio pu\u00f2 richiedere questo servizio completamente gratuito al momento di fissare un appuntamento: un nostro incaricato verr\u00e0 a prenderti direttamente a casa prima della visita e ti riporter\u00e0 presso il tuo domicilio una volta finita la sessione.<\/span><\/p>\n<p>[\/et_pb_blurb][\/et_pb_column][et_pb_column type=&#8221;1_3&#8243; _builder_version=&#8221;4.16&#8243; _module_preset=&#8221;default&#8221; background_color=&#8221;#ffffff&#8221; custom_padding=&#8221;30px|30px|30px|30px|false|true&#8221; border_radii=&#8221;on|15px|15px|15px|15px&#8221; global_colors_info=&#8221;{}&#8221;][et_pb_blurb title=&#8221;Dilazioni di pagamento&#8221; image=&#8221;http:\/\/maurosavio.axura.com\/wp-content\/uploads\/2021\/07\/dilazioni-di-pagamento-1.jpg&#8221; icon_alignment=&#8221;left&#8221; content_max_width=&#8221;100%&#8221; _builder_version=&#8221;4.16&#8243; _module_preset=&#8221;999cab4f-d995-43b3-842a-9b6879d904b5&#8243; header_font=&#8221;Poppins|600|||||||&#8221; header_text_color=&#8221;#003E51&#8243; header_font_size=&#8221;15px&#8221; header_letter_spacing=&#8221;0.5px&#8221; header_line_height=&#8221;1.6em&#8221; background_enable_color=&#8221;off&#8221; animation=&#8221;off&#8221; border_radii_image=&#8221;on|100px|100px|100px|100px&#8221; locked=&#8221;off&#8221; global_colors_info=&#8221;{}&#8221;]<\/p>\n<p><span style=\"font-weight: 400;\">Diamo la possibilit\u00e0 di pagare a rate diversi trattamenti e piani di cura, fino a 5.000 \u20ac in 12 mesi e senza interessi (disponibili anche piani di finanziamento pi\u00f9 lunghi per importi pi\u00f9 elevati con tassi di interesse estremamente contenuti).<br \/><\/span><\/p>\n<p>[\/et_pb_blurb][\/et_pb_column][et_pb_column type=&#8221;1_3&#8243; _builder_version=&#8221;4.16&#8243; _module_preset=&#8221;default&#8221; background_color=&#8221;#ffffff&#8221; custom_padding=&#8221;30px|30px|30px|30px|false|true&#8221; border_radii=&#8221;on|15px|15px|15px|15px&#8221; global_colors_info=&#8221;{}&#8221;][et_pb_blurb title=&#8221;Convenzioni&#8221; image=&#8221;http:\/\/maurosavio.axura.com\/wp-content\/uploads\/2021\/07\/conveznioni-mauro-savio.jpg&#8221; icon_alignment=&#8221;left&#8221; content_max_width=&#8221;100%&#8221; _builder_version=&#8221;4.16&#8243; _module_preset=&#8221;999cab4f-d995-43b3-842a-9b6879d904b5&#8243; header_font=&#8221;Poppins|600|||||||&#8221; header_text_color=&#8221;#003E51&#8243; header_font_size=&#8221;15px&#8221; header_letter_spacing=&#8221;0.5px&#8221; header_line_height=&#8221;1.6em&#8221; background_enable_color=&#8221;off&#8221; animation=&#8221;off&#8221; border_radii_image=&#8221;on|100px|100px|100px|100px&#8221; locked=&#8221;off&#8221; global_colors_info=&#8221;{}&#8221;]<\/p>\n<p><span style=\"font-weight: 400;\">Abbiamo stipulato <a href=\"\/convenzioni\/\">convenzioni<\/a> con i principali fondi sanitari che offrono coperture assicurative dirette o indirette per i propri soci.<\/span><\/p>\n<p><a href=\"\/convenzioni\/\">Scopri tutte le convenzioni a tua disposizione<\/a><span style=\"font-weight: 400;\"><\/span><\/p>\n<p><span style=\"font-weight: 400;\"><\/span><\/p>\n<p>[\/et_pb_blurb][\/et_pb_column][\/et_pb_row][\/et_pb_section][et_pb_section fb_built=&#8221;1&#8243; module_id=&#8221;tecnologie&#8221; _builder_version=&#8221;4.20.4&#8243; _module_preset=&#8221;default&#8221; global_colors_info=&#8221;{}&#8221;][et_pb_row module_id=&#8221;tecnologie&#8221; _builder_version=&#8221;4.16&#8243; _module_preset=&#8221;default&#8221; global_colors_info=&#8221;{}&#8221;][et_pb_column type=&#8221;4_4&#8243; _builder_version=&#8221;4.16&#8243; _module_preset=&#8221;default&#8221; global_colors_info=&#8221;{}&#8221;][et_pb_text _builder_version=&#8221;4.16&#8243; _module_preset=&#8221;1da4c4f2-8e53-4788-a9f5-4d073216150a&#8221; header_2_font=&#8221;Rozha One||||||||&#8221; header_2_text_color=&#8221;#003e51&#8243; header_2_font_size=&#8221;62px&#8221; header_2_line_height=&#8221;1.1em&#8221; header_2_font_size_tablet=&#8221;34px&#8221; header_2_font_size_phone=&#8221;24px&#8221; header_2_font_size_last_edited=&#8221;on|phone&#8221; locked=&#8221;off&#8221; global_colors_info=&#8221;{}&#8221;]<\/p>\n<h2>Le nostre tecnologie<\/h2>\n<p>[\/et_pb_text][et_pb_text _builder_version=&#8221;4.16&#8243; _module_preset=&#8221;default&#8221; global_colors_info=&#8221;{}&#8221;]<\/p>\n<p>Il nostro studio \u00e8 dotato degli <strong>strumenti e delle tecnologie pi\u00f9 all\u2019avanguardia<\/strong> per garantire ai nostri pazienti <strong>trattamenti precisi e sicuri.<\/strong><\/p>\n<p>[\/et_pb_text][\/et_pb_column][\/et_pb_row][et_pb_row module_id=&#8221;tecnologie&#8221; _builder_version=&#8221;4.16&#8243; _module_preset=&#8221;default&#8221; global_colors_info=&#8221;{}&#8221;][et_pb_column type=&#8221;4_4&#8243; _builder_version=&#8221;4.16&#8243; _module_preset=&#8221;default&#8221; global_colors_info=&#8221;{}&#8221;][et_pb_blog fullwidth=&#8221;off&#8221; post_type=&#8221;tecnologie&#8221; show_author=&#8221;off&#8221; show_date=&#8221;off&#8221; _builder_version=&#8221;4.19.4&#8243; _module_preset=&#8221;7a169725-269f-4ebe-9437-2e58514a6a4d&#8221; border_radii=&#8221;on|25px|25px|25px|25px&#8221; box_shadow_style=&#8221;preset2&#8243; global_colors_info=&#8221;{}&#8221;][\/et_pb_blog][\/et_pb_column][\/et_pb_row][\/et_pb_section][et_pb_section fb_built=&#8221;1&#8243; _builder_version=&#8221;4.16&#8243; _module_preset=&#8221;default&#8221; global_colors_info=&#8221;{}&#8221;][et_pb_row module_id=&#8221;dovesiamo&#8221; _builder_version=&#8221;4.16&#8243; _module_preset=&#8221;default&#8221; global_colors_info=&#8221;{}&#8221;][et_pb_column type=&#8221;4_4&#8243; _builder_version=&#8221;4.16&#8243; _module_preset=&#8221;default&#8221; global_colors_info=&#8221;{}&#8221;][et_pb_text _builder_version=&#8221;4.16&#8243; _module_preset=&#8221;1da4c4f2-8e53-4788-a9f5-4d073216150a&#8221; header_2_font=&#8221;Rozha One||||||||&#8221; header_2_text_color=&#8221;#003e51&#8243; header_2_font_size=&#8221;62px&#8221; header_2_line_height=&#8221;1.1em&#8221; header_2_font_size_tablet=&#8221;34px&#8221; header_2_font_size_phone=&#8221;24px&#8221; header_2_font_size_last_edited=&#8221;on|phone&#8221; locked=&#8221;off&#8221; global_colors_info=&#8221;{}&#8221;]<\/p>\n<h2>Dove siamo<\/h2>\n<p>[\/et_pb_text][et_pb_text _builder_version=&#8221;4.16&#8243; _module_preset=&#8221;default&#8221; global_colors_info=&#8221;{}&#8221;]<\/p>\n<p><span style=\"font-weight: 400;\">Il nostro studio si trova a Paderno Dugnano, in via Giuseppe Pogliani 32, ed \u00e8 raggiungibile a piedi dal centro cittadino in pochi minuti.<\/span><\/p>\n<p>Nel caso di utilizzare l\u2019automobile, fuori dallo studio \u00e8 presente un parcheggio gratuito e ampie zone dove posteggiare gratuitamente sono disponibili anche nelle immediate vicinanze.<\/p>\n<p>Lo studio \u00e8 inoltre a solo 500 metri di distanza dalla stazione ferroviaria di Paderno Dugnano.<\/p>\n<p>[\/et_pb_text][et_pb_map google_api_key=&#8221;AIzaSyAZ_V2M9xNIw206_rwjgYabhNPmB9i9KV0&#8243; address=&#8221;Via G. Pogliani, 32, Paderno Dugnano (MI)&#8221; zoom_level=&#8221;17&#8243; address_lat=&#8221;45.565059367715&#8243; address_lng=&#8221;9.1587699592897&#8243; mouse_wheel=&#8221;off&#8221; _builder_version=&#8221;4.16&#8243; _module_preset=&#8221;default&#8221; border_radii=&#8221;on|25px|25px|25px|25px&#8221; global_colors_info=&#8221;{}&#8221;][\/et_pb_map][\/et_pb_column][\/et_pb_row][\/et_pb_section]<\/p>\n","protected":false},"excerpt":{"rendered":"<p>Lo studioD1 nasce nel 1985: da allora ci prendiamo cura dei nostri pazienti con competenza e passione, mettendo sempre al primo posto il loro benessere e impegnandoci a migliorare continuamente per garantire elevati standard di qualit\u00e0. I nostri dentisti prendono parte a corsi di aggiornamento periodici per poter applicare i progressi nel campo dell\u2019odontoiatria a [&hellip;]<\/p>\n","protected":false},"author":1,"featured_media":0,"parent":0,"menu_order":0,"comment_status":"closed","ping_status":"closed","template":"","meta":{"_acf_changed":false,"_et_pb_use_builder":"on","_et_pb_old_content":"[et_pb_section fb_built=\"1\" _builder_version=\"4.9.3\" _module_preset=\"default\"][et_pb_row _builder_version=\"4.9.3\" _module_preset=\"default\"][et_pb_column type=\"4_4\" _builder_version=\"4.9.3\" _module_preset=\"default\"][et_pb_text _builder_version=\"4.9.3\" _module_preset=\"6972e21c-c5c2-4143-9b15-82e817bc8cce\"]\n<h2>Lo studio<\/h2>\n[\/et_pb_text][et_pb_text _builder_version=\"4.9.3\" _module_preset=\"default\"]\n\nIntroduzione allo studio, presentazione, etc.&nbsp;\n\n[\/et_pb_text][\/et_pb_column][\/et_pb_row][et_pb_row module_id=\"tecnologie\" _builder_version=\"4.9.3\" _module_preset=\"default\"][et_pb_column type=\"4_4\" _builder_version=\"4.9.3\" _module_preset=\"default\"][et_pb_text _builder_version=\"4.9.3\" _module_preset=\"default\"]\n<h3>Le nostre tecnologie<\/h3>\n[\/et_pb_text][et_pb_blog post_type=\"tecnologie\" show_date=\"off\" _builder_version=\"4.9.3\" _module_preset=\"7a169725-269f-4ebe-9437-2e58514a6a4d\" border_radii=\"on|25px|25px|25px|25px\" box_shadow_style=\"preset2\"][\/et_pb_blog][\/et_pb_column][\/et_pb_row][et_pb_row _builder_version=\"4.9.3\" _module_preset=\"default\"][et_pb_column _builder_version=\"4.9.3\" _module_preset=\"default\" type=\"4_4\"][et_pb_text _builder_version=\"4.9.3\" _module_preset=\"default\" hover_enabled=\"0\" sticky_enabled=\"0\"]\n<h2>Dove siamo<\/h2>\n[\/et_pb_text][et_pb_map _builder_version=\"4.9.3\" _module_preset=\"default\" hover_enabled=\"0\" sticky_enabled=\"0\" address=\"Via G. Pogliani, 32, Paderno Dugnano (MI)\" google_api_key=\"AIzaSyAZ_V2M9xNIw206_rwjgYabhNPmB9i9KV0\"][\/et_pb_map][\/et_pb_column][\/et_pb_row][\/et_pb_section]","_et_gb_content_width":"","footnotes":""},"class_list":["post-34","page","type-page","status-publish","hentry"],"acf":[],"_links":{"self":[{"href":"https:\/\/www.maurosavio.com\/en\/wp-json\/wp\/v2\/pages\/34","targetHints":{"allow":["GET"]}}],"collection":[{"href":"https:\/\/www.maurosavio.com\/en\/wp-json\/wp\/v2\/pages"}],"about":[{"href":"https:\/\/www.maurosavio.com\/en\/wp-json\/wp\/v2\/types\/page"}],"author":[{"embeddable":true,"href":"https:\/\/www.maurosavio.com\/en\/wp-json\/wp\/v2\/users\/1"}],"replies":[{"embeddable":true,"href":"https:\/\/www.maurosavio.com\/en\/wp-json\/wp\/v2\/comments?post=34"}],"version-history":[{"count":70,"href":"https:\/\/www.maurosavio.com\/en\/wp-json\/wp\/v2\/pages\/34\/revisions"}],"predecessor-version":[{"id":239950,"href":"https:\/\/www.maurosavio.com\/en\/wp-json\/wp\/v2\/pages\/34\/revisions\/239950"}],"wp:attachment":[{"href":"https:\/\/www.maurosavio.com\/en\/wp-json\/wp\/v2\/media?parent=34"}],"curies":[{"name":"wp","href":"https:\/\/api.w.org\/{rel}","templated":true}]}}